{"id":12613,"date":"2025-01-28T02:03:14","date_gmt":"2025-01-28T01:03:14","guid":{"rendered":"https:\/\/alliancecyberstore.com\/boutique\/non%20class\u00e9\/hikenture-oreiller-de-camping-avec-housse-amovible-oreiller-gonflable-ultra-leger-pour-soutien-du-cou-oreiller-de-randonnee-ameliore-coussins-dair-de-voyage-lavables-po\/"},"modified":"2025-01-28T02:06:05","modified_gmt":"2025-01-28T01:06:05","slug":"hikenture-oreiller-de-camping-avec-housse-amovible-oreiller-gonflable-ultra-leger-pour-soutien-du-cou-oreiller-de-randonnee-ameliore-coussins-dair-de-voyage-lavables-po","status":"publish","type":"product","link":"https:\/\/alliancecyberstore.com\/en\/boutique\/camping\/hikenture-oreiller-de-camping-avec-housse-amovible-oreiller-gonflable-ultra-leger-pour-soutien-du-cou-oreiller-de-randonnee-ameliore-coussins-dair-de-voyage-lavables-po\/","title":{"rendered":"Hikenture Oreiller de camping avec housse amovible \u2013 Oreiller gonflable ultra l\u00e9ger pour soutien du cou \u2013 Oreiller de randonn\u00e9e am\u00e9lior\u00e9 \u2013 Coussins d&rsquo;air de voyage lavables pour le camping, la"},"content":{"rendered":"<div id=\"aplus\" class=\"a-section a-spacing-large bucket\">\n<hr noshade size=\"1\" class=\"bucketDivider\">\n<h2>De la marque<\/h2>\n<div class=\"aplus-v2 desktop celwidget\" data-csa-c-id=\"cf00sm-4v9alm-c0wt77-6lcin0\" data-cel-widget=\"aplus\">\n<div>\n<div class=\"aplus-brandstory-pagination\"> <\/div>\n<\/p><\/div>\n<\/p><\/div>\n<\/p><\/div>\n<div id=\"aplus\" class=\"a-section a-spacing-large bucket\">\n<hr noshade size=\"1\" class=\"bucketDivider\">\n<h2>Description du produit<\/h2>\n<div class=\"aplus-v2 desktop celwidget\" data-csa-c-id=\"hoj6kr-5x6byh-r945t9-cyk1x1\" data-cel-widget=\"aplus\">\n<div class=\"celwidget aplus-module 3p-module-b aplus-standard\" data-csa-c-id=\"eggumm-7avpq5-6mrek5-tm6ypf\" data-cel-widget=\"aplus-3p-module-b\">\n<div class=\"aplus-module-wrapper aplus-3p-fixed-width\">\n<h3 class=\"a-spacing-mini\"> Hikenture Oreiller de camping gonflable ultral&eacute;ger avec housse <\/h3>\n<p> <img decoding=\"async\" alt=\"Hikenture\" src=\"https:\/\/alliancecyberstore.com\/wp-content\/uploads\/2025\/01\/67982d775c0befcefc022f668b9737198c307880e63ec7a9d6ebf.jpg\" class=\"a-spacing-base a-lazy-loaded\" data-src=\"https:\/\/m.media-amazon.com\/images\/S\/aplus-media\/sc\/bfdd4adb-bbb3-4ddf-b13c-b7f7c367d88f.__CR0,0,970,600_PT0_SX970_V1___.jpg\"> <\/p>\n<h3 class=\"a-spacing-mini\"> Passez un bon sommeil et d&eacute;tendez votre cou fatigu&eacute; apr&egrave;s la longue journ&eacute;e d&rsquo;aventure avec l&rsquo;oreiller de camping Hikenture <\/h3>\n<p class=\"a-spacing-base\"> Con&ccedil;u pour r&eacute;pondre &agrave; tous vos besoins pour un coussin de camping : <\/p>\n<p class=\"a-spacing-base\"> Confortable : housse amovible fabriqu&eacute;e en tissu doux pour la peau, pas de fuites d&rsquo;air. Poche &eacute;paisse en TPU pour une meilleure durabilit&eacute;, facile &agrave; gonfler &ndash; Valve facile en un clic pour votre commodit&eacute; pour les personnes dormant sur le c&ocirc;t&eacute;. Design ergonomique avec une hauteur de coussin am&eacute;lior&eacute;e. Plus de glissement pendant le sommeil. Sangle &eacute;lastique amovible sur le dos. Compact et l&eacute;ger, tient m&ecirc;me dans votre poche <\/p>\n<p class=\"a-spacing-base\"> Profitez de vos beaux r&ecirc;ves en camping, en randonn&eacute;e ou en randonn&eacute;e sans sacrifier le poids ou l&rsquo;espace <\/p>\n<\/p><\/div>\n<\/p><\/div>\n<div class=\"celwidget aplus-module 3p-module-b aplus-standard\" data-csa-c-id=\"e9hdb0-61x207-uoz2bz-prqjwv\" data-cel-widget=\"aplus-3p-module-b\">\n<div class=\"aplus-module-wrapper aplus-3p-fixed-width\"> <img decoding=\"async\" alt=\"Ergonomique\" src=\"https:\/\/alliancecyberstore.com\/wp-content\/uploads\/2025\/01\/67982d78815f6ad6f4fda646401ead2eca7cbb9692cf9dde378d1.jpg\" class=\"a-spacing-base a-lazy-loaded\" data-src=\"https:\/\/m.media-amazon.com\/images\/S\/aplus-media\/sc\/212586d1-c44e-49a1-8985-fa15d0184e11.__CR0,0,970,600_PT0_SX970_V1___.jpg\"> <\/p>\n<h3 class=\"a-spacing-mini\"> &gt;&gt; Design ergonomique am&eacute;lior&eacute; <\/h3>\n<p class=\"a-spacing-base\"> Notre oreiller est con&ccedil;u pour s&rsquo;adapter parfaitement &agrave; votre cou et atteindre le bon endroit pour soulager la pression de votre cou. Avec une hauteur de coussin am&eacute;lior&eacute;e de 11,9 cm, notre oreiller offre un meilleur soutien que les oreillers similaires et est adapt&eacute; &agrave; plusieurs positions. <\/p>\n<p class=\"a-spacing-base\"> Remarque : La hauteur de l&rsquo;oreiller est r&eacute;glable gr&acirc;ce &agrave; une valve en un clic pour r&eacute;pondre &agrave; toutes vos attentes. <\/p>\n<\/p><\/div>\n<\/p><\/div>\n<div class=\"celwidget aplus-module module-10 aplus-standard\" data-csa-c-id=\"k8rv90-w4l5u7-codcto-wcww2d\" data-cel-widget=\"aplus-module-10\">\n<div class=\"aplus-module-wrapper apm-fixed-width\">\n<div class=\"apm-spacing\">\n<div class=\"apm-lefthalfcol\">\n<div> <img decoding=\"async\" alt=\"Housse de coussin\" src=\"https:\/\/alliancecyberstore.com\/wp-content\/uploads\/2025\/01\/67982d799d8b37a4f32722f49aa5822172a8d24e6f25ec06ced79.jpg\" class=\"apm-floatleft a-spacing-mini a-lazy-loaded\" data-src=\"https:\/\/m.media-amazon.com\/images\/S\/aplus-media\/sc\/39f2d2c5-0de0-4753-abdc-90b8bac73acc.__CR0,0,600,600_PT0_SX135_V1___.jpg\"> <\/p>\n<h3 class=\"a-spacing-mini apm-iconheader\"> Housse de coussin super douce <\/h3>\n<\/p><\/div>\n<div><\/div>\n<div>\n<p class=\"a-spacing-base\"> Plus de confort et moins de bruit. Notre oreiller de camping est livr&eacute; avec une housse de coussin amovible et lavable avec une surface respirante douce pour la peau et une couche int&eacute;rieure douce en polyester tiss&eacute;. Profitez du confort ultime comme dans votre propre lit avec notre oreiller am&eacute;lior&eacute;. <\/p>\n<\/p><\/div>\n<\/p><\/div>\n<div class=\"apm-righthalfcol\">\n<div> <img decoding=\"async\" alt=\"Poche &agrave; eau en TPU\" src=\"https:\/\/alliancecyberstore.com\/wp-content\/uploads\/2025\/01\/67982d79cca93b60ef2928a993691a583646b5885ad45323fe14a.jpg\" class=\"apm-floatleft a-spacing-mini a-lazy-loaded\" data-src=\"https:\/\/m.media-amazon.com\/images\/S\/aplus-media\/sc\/9470da5e-c251-4ee2-998c-0eb056a9be01.__CR0,0,800,800_PT0_SX135_V1___.jpg\"> <\/p>\n<h3 class=\"a-spacing-mini apm-iconheader\"> Poche en TPU durable <\/h3>\n<\/p><\/div>\n<div><\/div>\n<div>\n<p class=\"a-spacing-base\"> Plus de fuites d&rsquo;air. Afin d&rsquo;&eacute;viter les fuites d&rsquo;air et d&rsquo;obtenir une meilleure durabilit&eacute;, nous avons am&eacute;lior&eacute; notre oreiller avec une vessie s&eacute;par&eacute;e en polyur&eacute;thane thermoplastique &eacute;paissi et avons effectu&eacute; des centaines de contr&ocirc;les de qualit&eacute; avant l&rsquo;exp&eacute;dition. Assurez-vous un compagnon de voyage fiable avec notre oreiller gonflable. <\/p>\n<\/p><\/div>\n<\/p><\/div>\n<div><\/div>\n<div class=\"apm-lefthalfcol\">\n<div> <img decoding=\"async\" alt=\"Valve\" src=\"https:\/\/alliancecyberstore.com\/wp-content\/uploads\/2025\/01\/67982d79ea678fa9d0743b76902f1e16b144a361c758012d26ae8.jpg\" class=\"apm-floatleft a-spacing-mini\" data-src=\"https:\/\/m.media-amazon.com\/images\/S\/aplus-media\/sc\/bdeb5b38-6e00-4d81-825a-7a65aa99dce2.__CR0,0,586,586_PT0_SX135_V1___.jpg\"> <\/p>\n<h3 class=\"a-spacing-mini apm-iconheader\"> Valve facile <\/h3>\n<\/p><\/div>\n<div><\/div>\n<div>\n<p class=\"a-spacing-base\"> Notre oreiller est enti&egrave;rement gonfl&eacute; en seulement quelques respirations gr&acirc;ce &agrave; la valve en un clic. Il suffit de cliquer sur le bouton et la valve laisse entrer l&rsquo;air, sans perdre l&rsquo;air lorsque vous prenez une autre respiration. Cliquez &agrave; nouveau sur le bouton et l&rsquo;oreiller se d&eacute;gonfle en quelques secondes. <\/p>\n<\/p><\/div>\n<\/p><\/div>\n<div class=\"apm-righthalfcol\">\n<div> <img decoding=\"async\" alt=\"Sangle\" src=\"https:\/\/alliancecyberstore.com\/wp-content\/uploads\/2025\/01\/67982d7a08a26254a66d59f5d9eb66669c94708456a10b83d326b.jpg\" class=\"apm-floatleft a-spacing-mini\" data-src=\"https:\/\/m.media-amazon.com\/images\/S\/aplus-media\/sc\/f0562a57-6aa8-462b-abee-e51dd5f34ca8.__CR0,0,800,800_PT0_SX135_V1___.jpg\"> <\/p>\n<h3 class=\"a-spacing-mini apm-iconheader\"> Sangle &eacute;lastique amovible <\/h3>\n<\/p><\/div>\n<div><\/div>\n<div>\n<p class=\"a-spacing-base\"> Profitez de vos beaux r&ecirc;ves tout au long de la nuit sans se r&eacute;veiller de repositionner l&rsquo;oreiller gr&acirc;ce &agrave; la bande &eacute;lastique d&eacute;tachable &agrave; l&rsquo;arri&egrave;re de l&rsquo;oreiller qui maintient votre oreiller en place, par exemple Al&egrave;ses <\/p>\n<\/p><\/div>\n<\/p><\/div>\n<\/p><\/div>\n<\/p><\/div>\n<div><\/div>\n<\/p><\/div>\n<div class=\"celwidget aplus-module module-2 aplus-standard\" data-csa-c-id=\"8brn7-87nvmb-4pm1i3-q4crl2\" data-cel-widget=\"aplus-module-2\">\n<div class=\"aplus-module-wrapper apm-floatnone apm-fixed-width\">\n<div class=\"apm-sidemodule apm-spacing\">\n<div class=\"apm-sidemodule-imageleft\"> <img decoding=\"async\" alt=\"Compact\" src=\"https:\/\/alliancecyberstore.com\/wp-content\/uploads\/2025\/01\/67982d7a2553435253b9a4db07a0480e1dfc676434aa3fc9564ad.jpg\" class=\"\" data-src=\"https:\/\/m.media-amazon.com\/images\/S\/aplus-media\/sc\/9ea464d0-ea8e-417a-9d3a-2749d58bdfc8.__CR0,0,828,828_PT0_SX300_V1___.jpg\"> <\/div>\n<div class=\"apm-sidemodule-textright\">\n<h3 class=\"a-spacing-mini\"> Compact et l&eacute;ger <\/h3>\n<p> Gr&acirc;ce &agrave; son design l&eacute;ger et compact, notre oreiller se replie &agrave; la taille d&rsquo;une canette de soda et est facile &agrave; transporter. <\/p>\n<p> Caract&eacute;ristiques : <\/p>\n<p> Dimensions : 44,9 x 31,2 x 12,9 cm. Dimensions du colis : 7,6 x 7,6 x 12, 158,8 g <\/p>\n<\/p><\/div>\n<\/p><\/div>\n<\/p><\/div>\n<div><\/div>\n<\/p><\/div>\n<div class=\"celwidget aplus-module module-11 aplus-standard\" data-csa-c-id=\"9ibhsp-217oxi-llaehd-op23ae\" data-cel-widget=\"aplus-module-11\">\n<div class=\"aplus-module-wrapper apm-spacing apm-floatnone apm-fixed-width\">\n<div class=\"apm-sidemodule aplus-module-content\">\n<div class=\"apm-hero-image\"> <img decoding=\"async\" alt=\"1\" src=\"https:\/\/alliancecyberstore.com\/wp-content\/uploads\/2025\/01\/67982d7a465bc83b51611fb47f9f74c0bc0bce81c22899716d7a9.jpg\" class=\"\" data-src=\"https:\/\/m.media-amazon.com\/images\/S\/aplus-media\/sc\/cc0613a6-515b-4bc7-bb69-859f2e866616.__CR0,0,970,300_PT0_SX970_V1___.jpg\"> <\/div>\n<\/p><\/div>\n<\/p><\/div>\n<div><\/div>\n<\/p><\/div>\n<div class=\"celwidget aplus-module module-12 aplus-standard\" data-csa-c-id=\"m41znc-id6992-s2c20e-sjuikl\" data-cel-widget=\"aplus-module-12\">\n<div class=\"aplus-module-wrapper apm-spacing apm-floatnone apm-fixed-width\">\n<div class=\"apm-sidemodule aplus-module-content\">\n<div class=\"apm-hero-image\"> <img decoding=\"async\" alt=\"Bien dormir\" src=\"https:\/\/alliancecyberstore.com\/wp-content\/uploads\/2025\/01\/67982d7af38dbdeeb5d51b68514378ea451a7cc83c63cf3595419.jpg\" class=\"\" data-src=\"https:\/\/m.media-amazon.com\/images\/S\/aplus-media-library-service-media\/07fa51df-a77a-42ab-bfe5-eee48a7f1f59.__CR0,0,970,300_PT0_SX970_V1___.png\"> <\/div>\n<\/p><\/div>\n<\/p><\/div>\n<div><\/div>\n<\/p><\/div>\n<div class=\"celwidget aplus-module module-5 aplus-standard\" data-csa-c-id=\"5yc0k4-er7jpr-z6y9j2-l2cge7\" data-cel-widget=\"aplus-module-5\">\n<div class=\"aplus-module-wrapper apm-fixed-width\">\n<div class=\"apm-spacing aplus-module-content\">  <\/div>\n<\/p><\/div>\n<div><\/div>\n<\/p><\/div>\n<\/p><\/div>\n<\/p><\/div>","protected":false},"excerpt":{"rendered":"<div id=\"productOverview_feature_div\" class=\"celwidget\" data-feature-name=\"productOverview\" data-csa-c-type=\"widget\" data-csa-c-content-id=\"productOverview\" data-csa-c-slot-id=\"productOverview_feature_div\" data-csa-c-asin=\"B083YZWZ2L\" data-csa-c-is-in-initial-active-row=\"false\" data-csa-c-id=\"eq6itl-uehowd-byv4yv-3vhbvv\" data-cel-widget=\"productOverview_feature_div\">\n<div id=\"poExpander\" data-a-expander-name=\"product_overview\" data-a-expander-collapsed-height=\"210\" class=\"a-expander-collapsed-height a-row a-expander-container a-spacing-none a-expander-partial-collapse-container\">\n<div data-expanded=\"false\" class=\"a-expander-content a-expander-partial-collapse-content\">\n<div class=\"a-section a-spacing-small a-spacing-top-small\">\n<table class=\"a-normal a-spacing-micro\">\n<tbody>\n<tr class=\"a-spacing-small po-fill_material\">\n<td class=\"a-span3\"> <span class=\"a-size-base a-text-bold\">Mat&eacute;riau de remplissage<\/span> <\/td>\n<td class=\"a-span9\"> <span class=\"a-size-base po-break-word\">Polyester<\/span> <\/td>\n<\/tr>\n<tr class=\"a-spacing-small po-pillow_type\">\n<td class=\"a-span3\"> <span class=\"a-size-base a-text-bold\">Type d&rsquo;oreiller<\/span> <\/td>\n<td class=\"a-span9\"> <span class=\"a-size-base po-break-word\">Oreiller de lit<\/span> <\/td>\n<\/tr>\n<tr class=\"a-spacing-small po-color\">\n<td class=\"a-span3\"> <span class=\"a-size-base a-text-bold\">Couleur<\/span> <\/td>\n<td class=\"a-span9\"> <span class=\"a-size-base po-break-word\">Noir\/blanc<\/span> <\/td>\n<\/tr>\n<tr class=\"a-spacing-small po-size\">\n<td class=\"a-span3\"> <span class=\"a-size-base a-text-bold\">Taille<\/span> <\/td>\n<td class=\"a-span9\"> <span class=\"a-size-base po-break-word\">1 Count (Pack of 1)<\/span> <\/td>\n<\/tr>\n<tr class=\"a-spacing-small po-brand\">\n<td class=\"a-span3\"> <span class=\"a-size-base a-text-bold\">Marque<\/span> <\/td>\n<td class=\"a-span9\"> <span class=\"a-size-base po-break-word\">HIKENTURE<\/span> <\/td>\n<\/tr>\n<tr class=\"a-spacing-small po-item_shape\">\n<td class=\"a-span3\"> <span class=\"a-size-base a-text-bold\">Forme<\/span> <\/td>\n<td class=\"a-span9\"> <span class=\"a-size-base po-break-word\">Rectangulaire<\/span> <\/td>\n<\/tr>\n<tr class=\"a-spacing-small po-special_feature\">\n<td class=\"a-span3\"> <span class=\"a-size-base a-text-bold\">Fonctionnalit&eacute; sp&eacute;ciale<\/span> <\/td>\n<td class=\"a-span9\"> <span class=\"a-size-base po-break-word\">R&eacute;sistant &agrave; l&rsquo;eau, Housse amovible, &Eacute;tanche, Gonflable<\/span> <\/td>\n<\/tr>\n<tr class=\"a-spacing-small po-cover.material\">\n<td class=\"a-span3\"> <span class=\"a-size-base a-text-bold\">Mat&eacute;riau de rev&ecirc;tement<\/span> <\/td>\n<td class=\"a-span9\"> <span class=\"a-size-base po-break-word\">Polyester<\/span> <\/td>\n<\/tr>\n<tr class=\"a-spacing-small po-pattern\">\n<td class=\"a-span3\"> <span class=\"a-size-base a-text-bold\">Motif<\/span> <\/td>\n<td class=\"a-span9\"> <span class=\"a-size-base po-break-word\">Simple<\/span> <\/td>\n<\/tr>\n<tr class=\"a-spacing-small po-age_range_description\">\n<td class=\"a-span3\"> <span class=\"a-size-base a-text-bold\">Tranche d&rsquo;&acirc;ge (description)<\/span> <\/td>\n<td class=\"a-span9\"> <span class=\"a-size-base po-break-word\">Adulte<\/span> <\/td>\n<\/tr>\n<\/tbody>\n<\/table><\/div>\n<\/p><\/div>\n<\/p><\/div>\n<\/p><\/div>\n<div>\n<ul>\n<li class=\"a-spacing-mini\"><span class=\"a-list-item\"> Mise &agrave; niveau pour une meilleure durabilit&eacute; &ndash; Plus de fuites d&rsquo;air avec notre oreiller de camping am&eacute;lior&eacute;. Contrairement &agrave; la plupart des oreillers gonflables avec seulement une fine couche de TPU sous le tissu, notre oreiller de voyage gonflable est livr&eacute; avec une vessie s&eacute;par&eacute;e fabriqu&eacute;e &agrave; partir de mat&eacute;riau TPU &eacute;pais et emp&ecirc;che efficacement les fuites d&rsquo;air. Nous avons effectu&eacute; pr&egrave;s de 1 000 contr&ocirc;les de qualit&eacute; avant l&rsquo;exp&eacute;dition et vous assurons une garantie de satisfaction &agrave; 100 % une fois que notre oreiller ne r&eacute;pond pas &agrave; vos attentes. <\/span><\/li>\n<li class=\"a-spacing-mini\"><span class=\"a-list-item\"> Housse amovible et lavable : plus confortable et plus hygi&eacute;nique avec la housse. La surface ext&eacute;rieure en coton respirant est douce pour la peau et assure un toucher super doux, tandis que la couche int&eacute;rieure en polyester tiss&eacute; ajoute un confort suppl&eacute;mentaire &agrave; vos beaux r&ecirc;ves et r&eacute;duit les bruits g&ecirc;nants lors des retournements. La taie d&rsquo;oreiller peut &ecirc;tre simplement retir&eacute;e et lav&eacute;e pour un entretien facile. <\/span><\/li>\n<li class=\"a-spacing-mini\"><span class=\"a-list-item\"> Mise &agrave; niveau pour un confort maximal : notre oreiller ergonomique garantit votre confort ultime dans plusieurs positions. Pour dormir sur le dos ou sur le c&ocirc;t&eacute;, vous b&eacute;n&eacute;ficiez d&rsquo;un soutien suffisant de la t&ecirc;te et du cou gr&acirc;ce &agrave; la hauteur am&eacute;lior&eacute;e de l&rsquo;oreiller et au design ergonomique unique qui s&rsquo;adapte parfaitement &agrave; votre cou. Hauteur et fermet&eacute; de l&rsquo;oreiller gr&acirc;ce &agrave; la valve r&eacute;glable pour s&rsquo;adapter &agrave; vos pr&eacute;f&eacute;rences. Notre coussin d&rsquo;air sert &eacute;galement de coussin lombaire et aide &agrave; soulager les douleurs dorsales dues aux longs voyages ou au travail. <\/span><\/li>\n<li class=\"a-spacing-mini\"><span class=\"a-list-item\"> D&eacute;tails con&ccedil;us pour votre commodit&eacute; : avec une valve unique en un clic, notre oreiller gonflable est enti&egrave;rement gonfl&eacute; en seulement quelques respirations. Il suffit de cliquer sur le bouton et la valve laisse entrer l&rsquo;air, sans perdre l&rsquo;air lorsque vous respirez. Cliquez &agrave; nouveau sur le bouton et le coussin de randonn&eacute;e se d&eacute;gonfle en quelques secondes. Profitez de votre sommeil profond toute la nuit gr&acirc;ce &agrave; la sangle &eacute;lastique amovible &agrave; l&rsquo;arri&egrave;re de l&rsquo;oreiller qui maintient votre oreiller de randonn&eacute;e en place, par exemple matelas de couchage. <\/span><\/li>\n<li class=\"a-spacing-mini\"><span class=\"a-list-item\"> Simplifiez votre colis dans l&rsquo;espace et le poids : simplifiez votre colis lors de vos voyages, campings ou voyages d&rsquo;affaires avec notre coussin de nuque portable ultra l&eacute;ger. Gr&acirc;ce &agrave; son design l&eacute;ger et compact, notre coussin gonflable se replie &agrave; la taille d&rsquo;une canette de soda et est facile &agrave; transporter. <\/span><\/li>\n<\/ul>\n<\/div>","protected":false},"featured_media":12614,"comment_status":"open","ping_status":"closed","template":"","meta":[],"product_brand":[],"product_cat":[157],"product_tag":[],"class_list":{"0":"post-12613","1":"product","2":"type-product","3":"status-publish","4":"has-post-thumbnail","6":"product_cat-camping","8":"first","9":"instock","10":"shipping-taxable","11":"product-type-external"},"jetpack_sharing_enabled":true,"_links":{"self":[{"href":"https:\/\/alliancecyberstore.com\/en\/wp-json\/wp\/v2\/product\/12613","targetHints":{"allow":["GET"]}}],"collection":[{"href":"https:\/\/alliancecyberstore.com\/en\/wp-json\/wp\/v2\/product"}],"about":[{"href":"https:\/\/alliancecyberstore.com\/en\/wp-json\/wp\/v2\/types\/product"}],"replies":[{"embeddable":true,"href":"https:\/\/alliancecyberstore.com\/en\/wp-json\/wp\/v2\/comments?post=12613"}],"version-history":[{"count":1,"href":"https:\/\/alliancecyberstore.com\/en\/wp-json\/wp\/v2\/product\/12613\/revisions"}],"predecessor-version":[{"id":12666,"href":"https:\/\/alliancecyberstore.com\/en\/wp-json\/wp\/v2\/product\/12613\/revisions\/12666"}],"wp:featuredmedia":[{"embeddable":true,"href":"https:\/\/alliancecyberstore.com\/en\/wp-json\/wp\/v2\/media\/12614"}],"wp:attachment":[{"href":"https:\/\/alliancecyberstore.com\/en\/wp-json\/wp\/v2\/media?parent=12613"}],"wp:term":[{"taxonomy":"product_brand","embeddable":true,"href":"https:\/\/alliancecyberstore.com\/en\/wp-json\/wp\/v2\/product_brand?post=12613"},{"taxonomy":"product_cat","embeddable":true,"href":"https:\/\/alliancecyberstore.com\/en\/wp-json\/wp\/v2\/product_cat?post=12613"},{"taxonomy":"product_tag","embeddable":true,"href":"https:\/\/alliancecyberstore.com\/en\/wp-json\/wp\/v2\/product_tag?post=12613"}],"curies":[{"name":"wp","href":"https:\/\/api.w.org\/{rel}","templated":true}]}}